{"id":836,"date":"2024-10-07T12:39:24","date_gmt":"2024-10-07T10:39:24","guid":{"rendered":"https:\/\/espacemedical-julesferry.fr\/?page_id=836"},"modified":"2024-10-07T16:52:38","modified_gmt":"2024-10-07T14:52:38","slug":"praticiens-pharmacie","status":"publish","type":"page","link":"https:\/\/espacemedical-julesferry.fr\/index.php\/praticiens-pharmacie\/","title":{"rendered":"Praticiens-Pharmacie"},"content":{"rendered":"\t\t<div data-elementor-type=\"wp-page\" data-elementor-id=\"836\" class=\"elementor elementor-836\">\n\t\t\t\t<div class=\"elementor-element elementor-element-adb6dfa e-flex e-con-boxed e-con e-parent\" data-id=\"adb6dfa\" data-element_type=\"container\" data-settings=\"{&quot;background_background&quot;:&quot;classic&quot;}\">\n\t\t\t\t\t<div class=\"e-con-inner\">\n\t\t<div class=\"elementor-element elementor-element-4e9a0ea e-con-full e-flex e-con e-child\" data-id=\"4e9a0ea\" data-element_type=\"container\">\n\t\t<div class=\"elementor-element elementor-element-929bbae e-con-full e-flex e-con e-child\" data-id=\"929bbae\" data-element_type=\"container\">\n\t\t\t\t<div class=\"elementor-element elementor-element-ba2aa6c animated-slow elementor-invisible elementor-widget elementor-widget-heading\" data-id=\"ba2aa6c\" data-element_type=\"widget\" data-settings=\"{&quot;_animation&quot;:&quot;fadeIn&quot;}\" data-widget_type=\"heading.default\">\n\t\t\t\t<div class=\"elementor-widget-container\">\n\t\t\t<h2 class=\"elementor-heading-title elementor-size-default\">Pharmacie <\/h2>\t\t<\/div>\n\t\t\t\t<\/div>\n\t\t\t\t<\/div>\n\t\t\t\t<\/div>\n\t\t\t\t\t<\/div>\n\t\t\t\t<\/div>\n\t\t<div class=\"elementor-element elementor-element-8649dbb e-flex e-con-boxed e-con e-parent\" data-id=\"8649dbb\" data-element_type=\"container\">\n\t\t\t\t\t<div class=\"e-con-inner\">\n\t\t<div class=\"elementor-element elementor-element-74a80ff e-con-full e-flex e-con e-child\" data-id=\"74a80ff\" data-element_type=\"container\">\n\t\t\t\t<div class=\"elementor-element elementor-element-929ada8 elementor-widget-tablet__width-initial elementor-widget elementor-widget-image\" data-id=\"929ada8\" data-element_type=\"widget\" data-widget_type=\"image.default\">\n\t\t\t\t<div class=\"elementor-widget-container\">\n\t\t\t\t\t\t\t\t\t\t\t\t\t<img fetchpriority=\"high\" decoding=\"async\" width=\"676\" height=\"535\" src=\"https:\/\/espacemedical-julesferry.fr\/wp-content\/uploads\/2024\/10\/15-Espace-sante-jules-ferry.webp\" class=\"attachment-large size-large wp-image-851\" alt=\"\" srcset=\"https:\/\/espacemedical-julesferry.fr\/wp-content\/uploads\/2024\/10\/15-Espace-sante-jules-ferry.webp 676w, https:\/\/espacemedical-julesferry.fr\/wp-content\/uploads\/2024\/10\/15-Espace-sante-jules-ferry-300x237.webp 300w\" sizes=\"(max-width: 676px) 100vw, 676px\" \/>\t\t\t\t\t\t\t\t\t\t\t\t\t<\/div>\n\t\t\t\t<\/div>\n\t\t\t\t<\/div>\n\t\t<div class=\"elementor-element elementor-element-b1012b8 e-con-full e-flex e-con e-child\" data-id=\"b1012b8\" data-element_type=\"container\">\n\t\t\t\t<div class=\"elementor-element elementor-element-477066b elementor-widget elementor-widget-heading\" data-id=\"477066b\" data-element_type=\"widget\" data-widget_type=\"heading.default\">\n\t\t\t\t<div class=\"elementor-widget-container\">\n\t\t\t<h2 class=\"elementor-heading-title elementor-size-default\">Pharmacie wellpharma Jules Ferry<\/h2>\t\t<\/div>\n\t\t\t\t<\/div>\n\t\t\t\t<div class=\"elementor-element elementor-element-b3ecde3 elementor-widget elementor-widget-n-accordion\" data-id=\"b3ecde3\" data-element_type=\"widget\" data-settings=\"{&quot;default_state&quot;:&quot;all_collapsed&quot;,&quot;max_items_expended&quot;:&quot;one&quot;,&quot;n_accordion_animation_duration&quot;:{&quot;unit&quot;:&quot;ms&quot;,&quot;size&quot;:400,&quot;sizes&quot;:[]}}\" data-widget_type=\"nested-accordion.default\">\n\t\t\t\t<div class=\"elementor-widget-container\">\n\t\t\t\t\t<div class=\"e-n-accordion\" aria-label=\"Accordion. Open links with Enter or Space, close with Escape, and navigate with Arrow Keys\">\n\t\t\t\t\t\t<details id=\"e-n-accordion-item-1880\" class=\"e-n-accordion-item\" >\n\t\t\t\t<summary class=\"e-n-accordion-item-title\" data-accordion-index=\"1\" tabindex=\"0\" aria-expanded=\"false\" aria-controls=\"e-n-accordion-item-1880\" >\n\t\t\t\t\t<span class='e-n-accordion-item-title-header'><div class=\"e-n-accordion-item-title-text\"> Horaires d'ouverture <\/div><\/span>\n\t\t\t\t\t\t\t<span class='e-n-accordion-item-title-icon'>\n\t\t\t<span class='e-opened' ><svg aria-hidden=\"true\" class=\"e-font-icon-svg e-fas-minus\" viewBox=\"0 0 448 512\" xmlns=\"http:\/\/www.w3.org\/2000\/svg\"><path d=\"M416 208H32c-17.67 0-32 14.33-32 32v32c0 17.67 14.33 32 32 32h384c17.67 0 32-14.33 32-32v-32c0-17.67-14.33-32-32-32z\"><\/path><\/svg><\/span>\n\t\t\t<span class='e-closed'><svg aria-hidden=\"true\" class=\"e-font-icon-svg e-fas-plus\" viewBox=\"0 0 448 512\" xmlns=\"http:\/\/www.w3.org\/2000\/svg\"><path d=\"M416 208H272V64c0-17.67-14.33-32-32-32h-32c-17.67 0-32 14.33-32 32v144H32c-17.67 0-32 14.33-32 32v32c0 17.67 14.33 32 32 32h144v144c0 17.67 14.33 32 32 32h32c17.67 0 32-14.33 32-32V304h144c17.67 0 32-14.33 32-32v-32c0-17.67-14.33-32-32-32z\"><\/path><\/svg><\/span>\n\t\t<\/span>\n\n\t\t\t\t\t\t<\/summary>\n\t\t\t\t<div role=\"region\" aria-labelledby=\"e-n-accordion-item-1880\" class=\"elementor-element elementor-element-b844d98 e-con-full e-flex e-con e-child\" data-id=\"b844d98\" data-element_type=\"container\">\n\t\t\t\t<div class=\"elementor-element elementor-element-e2186c8 elementor-widget elementor-widget-text-editor\" data-id=\"e2186c8\" data-element_type=\"widget\" data-widget_type=\"text-editor.default\">\n\t\t\t\t<div class=\"elementor-widget-container\">\n\t\t\t\t\t\t\t<table class=\"WgFkxc\"><tbody><tr class=\"K7Ltle\"><td class=\"SKNSIb\">lundi<\/td><td>08:30\u201312:00, 14:00\u201319:30<\/td><\/tr><tr><td class=\"SKNSIb\">mardi<\/td><td>08:30\u201312:00, 14:00\u201319:30<\/td><\/tr><tr><td class=\"SKNSIb\">mercredi<\/td><td>08:30\u201312:00, 14:00\u201319:30<\/td><\/tr><tr><td class=\"SKNSIb\">jeudi<\/td><td>08:30\u201312:00, 14:00\u201319:30<\/td><\/tr><tr><td class=\"SKNSIb\">vendredi<\/td><td>08:30\u201312:00, 14:00\u201319:30<\/td><\/tr><tr><td class=\"SKNSIb\">samedi<\/td><td>08:30\u201312:30<\/td><\/tr><tr><td class=\"SKNSIb\">dimanche<\/td><td>Ferm\u00e9<\/td><\/tr><\/tbody><\/table>\t\t\t\t\t\t<\/div>\n\t\t\t\t<\/div>\n\t\t\t\t<\/div>\n\t\t\t\t\t<\/details>\n\t\t\t\t\t<\/div>\n\t\t\t\t<\/div>\n\t\t\t\t<\/div>\n\t\t<div class=\"elementor-element elementor-element-a121dfc e-con-full e-flex e-con e-child\" data-id=\"a121dfc\" data-element_type=\"container\">\n\t\t<div class=\"elementor-element elementor-element-c2b140c e-con-full e-flex e-con e-child\" data-id=\"c2b140c\" data-element_type=\"container\">\n\t\t\t\t<div class=\"elementor-element elementor-element-c7b7ef4 elementor-widget__width-initial elementor-widget-tablet__width-initial elementor-widget elementor-widget-heading\" data-id=\"c7b7ef4\" data-element_type=\"widget\" data-widget_type=\"heading.default\">\n\t\t\t\t<div class=\"elementor-widget-container\">\n\t\t\t<h2 class=\"elementor-heading-title elementor-size-default\">Contact :<\/h2>\t\t<\/div>\n\t\t\t\t<\/div>\n\t\t<div class=\"elementor-element elementor-element-278b5e4 e-con-full e-flex e-con e-child\" data-id=\"278b5e4\" data-element_type=\"container\">\n\t\t\t\t<div class=\"elementor-element elementor-element-b3971ea elementor-align-left elementor-widget elementor-widget-button\" data-id=\"b3971ea\" data-element_type=\"widget\" data-widget_type=\"button.default\">\n\t\t\t\t<div class=\"elementor-widget-container\">\n\t\t\t\t\t<div class=\"elementor-button-wrapper\">\n\t\t\t<a class=\"elementor-button elementor-button-link elementor-size-sm\" href=\"tel:+33327871538\">\n\t\t\t\t\t\t<span class=\"elementor-button-content-wrapper\">\n\t\t\t\t\t\t\t\t\t<span class=\"elementor-button-text\">03 27 87 15 38<\/span>\n\t\t\t\t\t<\/span>\n\t\t\t\t\t<\/a>\n\t\t<\/div>\n\t\t\t\t<\/div>\n\t\t\t\t<\/div>\n\t\t\t\t<\/div>\n\t\t\t\t<\/div>\n\t\t\t\t<\/div>\n\t\t<div class=\"elementor-element elementor-element-688d35f e-con-full e-flex e-con e-child\" data-id=\"688d35f\" data-element_type=\"container\">\n\t\t\t\t<div class=\"elementor-element elementor-element-5f029f9 elementor-widget__width-initial elementor-widget-tablet__width-initial elementor-widget elementor-widget-heading\" data-id=\"5f029f9\" data-element_type=\"widget\" data-widget_type=\"heading.default\">\n\t\t\t\t<div class=\"elementor-widget-container\">\n\t\t\t<h2 class=\"elementor-heading-title elementor-size-default\">Situer la pharmacie :<\/h2>\t\t<\/div>\n\t\t\t\t<\/div>\n\t\t<div class=\"elementor-element elementor-element-2117758 e-con-full e-flex e-con e-child\" data-id=\"2117758\" data-element_type=\"container\">\n\t\t\t\t<div class=\"elementor-element elementor-element-1816b36 elementor-widget-tablet__width-initial elementor-widget elementor-widget-button\" data-id=\"1816b36\" data-element_type=\"widget\" data-widget_type=\"button.default\">\n\t\t\t\t<div class=\"elementor-widget-container\">\n\t\t\t\t\t<div class=\"elementor-button-wrapper\">\n\t\t\t<a class=\"elementor-button elementor-button-link elementor-size-sm\" href=\"https:\/\/www.google.fr\/maps\/place\/Pharmacie+wellpharma+Jules+Ferry\/@50.3930889,3.1247517,17z\/data=!3m1!4b1!4m6!3m5!1s0x47c2cf2bf237f481:0xf5c4effce466bb3e!8m2!3d50.3930889!4d3.1260392!16s%2Fg%2F1hc5wrdzp?entry=ttu&#038;g_ep=EgoyMDI0MTAwMi4xIKXMDSoASAFQAw%3D%3D\">\n\t\t\t\t\t\t<span class=\"elementor-button-content-wrapper\">\n\t\t\t\t\t\t\t\t\t<span class=\"elementor-button-text\">Ouvrir Google Maps<\/span>\n\t\t\t\t\t<\/span>\n\t\t\t\t\t<\/a>\n\t\t<\/div>\n\t\t\t\t<\/div>\n\t\t\t\t<\/div>\n\t\t\t\t<\/div>\n\t\t\t\t<\/div>\n\t\t\t\t<\/div>\n\t\t\t\t\t<\/div>\n\t\t\t\t<\/div>\n\t\t<div class=\"elementor-element elementor-element-c8ad225 e-flex e-con-boxed e-con e-parent\" data-id=\"c8ad225\" data-element_type=\"container\">\n\t\t\t\t\t<div class=\"e-con-inner\">\n\t\t\t\t<div class=\"elementor-element elementor-element-018a4fe elementor-widget elementor-widget-text-editor\" data-id=\"018a4fe\" data-element_type=\"widget\" data-widget_type=\"text-editor.default\">\n\t\t\t\t<div class=\"elementor-widget-container\">\n\t\t\t\t\t\t\t<p>Dirigeante : Vanhamme Christine<br \/>Pharmacienne, sp\u00e9cialisation : oncologie<\/p>\t\t\t\t\t\t<\/div>\n\t\t\t\t<\/div>\n\t\t\t\t\t<\/div>\n\t\t\t\t<\/div>\n\t\t\t\t<\/div>\n\t\t","protected":false},"excerpt":{"rendered":"<p>Pharmacie Pharmacie wellpharma Jules Ferry Horaires d&rsquo;ouverture lundi 08:30\u201312:00, 14:00\u201319:30 mardi 08:30\u201312:00, 14:00\u201319:30 mercredi 08:30\u201312:00, 14:00\u201319:30 jeudi 08:30\u201312:00, 14:00\u201319:30 vendredi [&hellip;]<\/p>\n","protected":false},"author":2,"featured_media":0,"parent":0,"menu_order":0,"comment_status":"closed","ping_status":"closed","template":"","meta":{"site-sidebar-layout":"no-sidebar","site-content-layout":"","ast-site-content-layout":"full-width-container","site-content-style":"default","site-sidebar-style":"default","ast-global-header-display":"","ast-banner-title-visibility":"","ast-main-header-display":"","ast-hfb-above-header-display":"","ast-hfb-below-header-display":"","ast-hfb-mobile-header-display":"","site-post-title":"disabled","ast-breadcrumbs-content":"","ast-featured-img":"disabled","footer-sml-layout":"","theme-transparent-header-meta":"","adv-header-id-meta":"","stick-header-meta":"","header-above-stick-meta":"","header-main-stick-meta":"","header-below-stick-meta":"","astra-migrate-meta-layouts":"default","ast-page-background-enabled":"default","ast-page-background-meta":{"desktop":{"background-color":"var(--ast-global-color-4)","background-image":"","background-repeat":"repeat","background-position":"center center","background-size":"auto","background-attachment":"scroll","background-type":"","background-media":"","overlay-type":"","overlay-color":"","overlay-opacity":"","overlay-gradient":""},"tablet":{"background-color":"","background-image":"","background-repeat":"repeat","background-position":"center center","background-size":"auto","background-attachment":"scroll","background-type":"","background-media":"","overlay-type":"","overlay-color":"","overlay-opacity":"","overlay-gradient":""},"mobile":{"background-color":"","background-image":"","background-repeat":"repeat","background-position":"center center","background-size":"auto","background-attachment":"scroll","background-type":"","background-media":"","overlay-type":"","overlay-color":"","overlay-opacity":"","overlay-gradient":""}},"ast-content-background-meta":{"desktop":{"background-color":"var(--ast-global-color-5)","background-image":"","background-repeat":"repeat","background-position":"center center","background-size":"auto","background-attachment":"scroll","background-type":"","background-media":"","overlay-type":"","overlay-color":"","overlay-opacity":"","overlay-gradient":""},"tablet":{"background-color":"var(--ast-global-color-5)","background-image":"","background-repeat":"repeat","background-position":"center center","background-size":"auto","background-attachment":"scroll","background-type":"","background-media":"","overlay-type":"","overlay-color":"","overlay-opacity":"","overlay-gradient":""},"mobile":{"background-color":"var(--ast-global-color-5)","background-image":"","background-repeat":"repeat","background-position":"center center","background-size":"auto","background-attachment":"scroll","background-type":"","background-media":"","overlay-type":"","overlay-color":"","overlay-opacity":"","overlay-gradient":""}},"footnotes":""},"class_list":["post-836","page","type-page","status-publish","hentry"],"yoast_head":"<!-- This site is optimized with the Yoast SEO plugin v24.5 - https:\/\/yoast.com\/wordpress\/plugins\/seo\/ -->\n<title>Praticiens-Pharmacie - Espace M\u00e9dical Jules Ferry<\/title>\n<meta name=\"robots\" content=\"index, follow, max-snippet:-1, max-image-preview:large, max-video-preview:-1\" \/>\n<link rel=\"canonical\" href=\"https:\/\/espacemedical-julesferry.fr\/index.php\/praticiens-pharmacie\/\" \/>\n<meta property=\"og:locale\" content=\"fr_FR\" \/>\n<meta property=\"og:type\" content=\"article\" \/>\n<meta property=\"og:title\" content=\"Praticiens-Pharmacie - Espace M\u00e9dical Jules Ferry\" \/>\n<meta property=\"og:description\" content=\"Pharmacie Pharmacie wellpharma Jules Ferry Horaires d&rsquo;ouverture lundi 08:30\u201312:00, 14:00\u201319:30 mardi 08:30\u201312:00, 14:00\u201319:30 mercredi 08:30\u201312:00, 14:00\u201319:30 jeudi 08:30\u201312:00, 14:00\u201319:30 vendredi [&hellip;]\" \/>\n<meta property=\"og:url\" content=\"https:\/\/espacemedical-julesferry.fr\/index.php\/praticiens-pharmacie\/\" \/>\n<meta property=\"og:site_name\" content=\"Espace M\u00e9dical Jules Ferry\" \/>\n<meta property=\"article:modified_time\" content=\"2024-10-07T14:52:38+00:00\" \/>\n<meta property=\"og:image\" content=\"https:\/\/espacemedical-julesferry.fr\/wp-content\/uploads\/2024\/10\/15-Espace-sante-jules-ferry.webp\" \/>\n\t<meta property=\"og:image:width\" content=\"676\" \/>\n\t<meta property=\"og:image:height\" content=\"535\" \/>\n\t<meta property=\"og:image:type\" content=\"image\/webp\" \/>\n<meta name=\"twitter:card\" content=\"summary_large_image\" \/>\n<script type=\"application\/ld+json\" class=\"yoast-schema-graph\">{\"@context\":\"https:\/\/schema.org\",\"@graph\":[{\"@type\":\"WebPage\",\"@id\":\"https:\/\/espacemedical-julesferry.fr\/index.php\/praticiens-pharmacie\/\",\"url\":\"https:\/\/espacemedical-julesferry.fr\/index.php\/praticiens-pharmacie\/\",\"name\":\"Praticiens-Pharmacie - Espace M\u00e9dical Jules Ferry\",\"isPartOf\":{\"@id\":\"https:\/\/espacemedical-julesferry.fr\/#website\"},\"primaryImageOfPage\":{\"@id\":\"https:\/\/espacemedical-julesferry.fr\/index.php\/praticiens-pharmacie\/#primaryimage\"},\"image\":{\"@id\":\"https:\/\/espacemedical-julesferry.fr\/index.php\/praticiens-pharmacie\/#primaryimage\"},\"thumbnailUrl\":\"https:\/\/espacemedical-julesferry.fr\/wp-content\/uploads\/2024\/10\/15-Espace-sante-jules-ferry.webp\",\"datePublished\":\"2024-10-07T10:39:24+00:00\",\"dateModified\":\"2024-10-07T14:52:38+00:00\",\"breadcrumb\":{\"@id\":\"https:\/\/espacemedical-julesferry.fr\/index.php\/praticiens-pharmacie\/#breadcrumb\"},\"inLanguage\":\"fr-FR\",\"potentialAction\":[{\"@type\":\"ReadAction\",\"target\":[\"https:\/\/espacemedical-julesferry.fr\/index.php\/praticiens-pharmacie\/\"]}]},{\"@type\":\"ImageObject\",\"inLanguage\":\"fr-FR\",\"@id\":\"https:\/\/espacemedical-julesferry.fr\/index.php\/praticiens-pharmacie\/#primaryimage\",\"url\":\"https:\/\/espacemedical-julesferry.fr\/wp-content\/uploads\/2024\/10\/15-Espace-sante-jules-ferry.webp\",\"contentUrl\":\"https:\/\/espacemedical-julesferry.fr\/wp-content\/uploads\/2024\/10\/15-Espace-sante-jules-ferry.webp\",\"width\":676,\"height\":535},{\"@type\":\"BreadcrumbList\",\"@id\":\"https:\/\/espacemedical-julesferry.fr\/index.php\/praticiens-pharmacie\/#breadcrumb\",\"itemListElement\":[{\"@type\":\"ListItem\",\"position\":1,\"name\":\"Accueil\",\"item\":\"https:\/\/espacemedical-julesferry.fr\/\"},{\"@type\":\"ListItem\",\"position\":2,\"name\":\"Praticiens-Pharmacie\"}]},{\"@type\":\"WebSite\",\"@id\":\"https:\/\/espacemedical-julesferry.fr\/#website\",\"url\":\"https:\/\/espacemedical-julesferry.fr\/\",\"name\":\"Espace M\u00e9dical Jules Ferry\",\"description\":\"Votre sant\u00e9 au c\u0153ur de notre m\u00e9tier.\",\"potentialAction\":[{\"@type\":\"SearchAction\",\"target\":{\"@type\":\"EntryPoint\",\"urlTemplate\":\"https:\/\/espacemedical-julesferry.fr\/?s={search_term_string}\"},\"query-input\":{\"@type\":\"PropertyValueSpecification\",\"valueRequired\":true,\"valueName\":\"search_term_string\"}}],\"inLanguage\":\"fr-FR\"}]}<\/script>\n<!-- \/ Yoast SEO plugin. -->","yoast_head_json":{"title":"Praticiens-Pharmacie - Espace M\u00e9dical Jules Ferry","robots":{"index":"index","follow":"follow","max-snippet":"max-snippet:-1","max-image-preview":"max-image-preview:large","max-video-preview":"max-video-preview:-1"},"canonical":"https:\/\/espacemedical-julesferry.fr\/index.php\/praticiens-pharmacie\/","og_locale":"fr_FR","og_type":"article","og_title":"Praticiens-Pharmacie - Espace M\u00e9dical Jules Ferry","og_description":"Pharmacie Pharmacie wellpharma Jules Ferry Horaires d&rsquo;ouverture lundi 08:30\u201312:00, 14:00\u201319:30 mardi 08:30\u201312:00, 14:00\u201319:30 mercredi 08:30\u201312:00, 14:00\u201319:30 jeudi 08:30\u201312:00, 14:00\u201319:30 vendredi [&hellip;]","og_url":"https:\/\/espacemedical-julesferry.fr\/index.php\/praticiens-pharmacie\/","og_site_name":"Espace M\u00e9dical Jules Ferry","article_modified_time":"2024-10-07T14:52:38+00:00","og_image":[{"width":676,"height":535,"url":"https:\/\/espacemedical-julesferry.fr\/wp-content\/uploads\/2024\/10\/15-Espace-sante-jules-ferry.webp","type":"image\/webp"}],"twitter_card":"summary_large_image","schema":{"@context":"https:\/\/schema.org","@graph":[{"@type":"WebPage","@id":"https:\/\/espacemedical-julesferry.fr\/index.php\/praticiens-pharmacie\/","url":"https:\/\/espacemedical-julesferry.fr\/index.php\/praticiens-pharmacie\/","name":"Praticiens-Pharmacie - Espace M\u00e9dical Jules Ferry","isPartOf":{"@id":"https:\/\/espacemedical-julesferry.fr\/#website"},"primaryImageOfPage":{"@id":"https:\/\/espacemedical-julesferry.fr\/index.php\/praticiens-pharmacie\/#primaryimage"},"image":{"@id":"https:\/\/espacemedical-julesferry.fr\/index.php\/praticiens-pharmacie\/#primaryimage"},"thumbnailUrl":"https:\/\/espacemedical-julesferry.fr\/wp-content\/uploads\/2024\/10\/15-Espace-sante-jules-ferry.webp","datePublished":"2024-10-07T10:39:24+00:00","dateModified":"2024-10-07T14:52:38+00:00","breadcrumb":{"@id":"https:\/\/espacemedical-julesferry.fr\/index.php\/praticiens-pharmacie\/#breadcrumb"},"inLanguage":"fr-FR","potentialAction":[{"@type":"ReadAction","target":["https:\/\/espacemedical-julesferry.fr\/index.php\/praticiens-pharmacie\/"]}]},{"@type":"ImageObject","inLanguage":"fr-FR","@id":"https:\/\/espacemedical-julesferry.fr\/index.php\/praticiens-pharmacie\/#primaryimage","url":"https:\/\/espacemedical-julesferry.fr\/wp-content\/uploads\/2024\/10\/15-Espace-sante-jules-ferry.webp","contentUrl":"https:\/\/espacemedical-julesferry.fr\/wp-content\/uploads\/2024\/10\/15-Espace-sante-jules-ferry.webp","width":676,"height":535},{"@type":"BreadcrumbList","@id":"https:\/\/espacemedical-julesferry.fr\/index.php\/praticiens-pharmacie\/#breadcrumb","itemListElement":[{"@type":"ListItem","position":1,"name":"Accueil","item":"https:\/\/espacemedical-julesferry.fr\/"},{"@type":"ListItem","position":2,"name":"Praticiens-Pharmacie"}]},{"@type":"WebSite","@id":"https:\/\/espacemedical-julesferry.fr\/#website","url":"https:\/\/espacemedical-julesferry.fr\/","name":"Espace M\u00e9dical Jules Ferry","description":"Votre sant\u00e9 au c\u0153ur de notre m\u00e9tier.","potentialAction":[{"@type":"SearchAction","target":{"@type":"EntryPoint","urlTemplate":"https:\/\/espacemedical-julesferry.fr\/?s={search_term_string}"},"query-input":{"@type":"PropertyValueSpecification","valueRequired":true,"valueName":"search_term_string"}}],"inLanguage":"fr-FR"}]}},"_links":{"self":[{"href":"https:\/\/espacemedical-julesferry.fr\/index.php\/wp-json\/wp\/v2\/pages\/836","targetHints":{"allow":["GET"]}}],"collection":[{"href":"https:\/\/espacemedical-julesferry.fr\/index.php\/wp-json\/wp\/v2\/pages"}],"about":[{"href":"https:\/\/espacemedical-julesferry.fr\/index.php\/wp-json\/wp\/v2\/types\/page"}],"author":[{"embeddable":true,"href":"https:\/\/espacemedical-julesferry.fr\/index.php\/wp-json\/wp\/v2\/users\/2"}],"replies":[{"embeddable":true,"href":"https:\/\/espacemedical-julesferry.fr\/index.php\/wp-json\/wp\/v2\/comments?post=836"}],"version-history":[{"count":52,"href":"https:\/\/espacemedical-julesferry.fr\/index.php\/wp-json\/wp\/v2\/pages\/836\/revisions"}],"predecessor-version":[{"id":1035,"href":"https:\/\/espacemedical-julesferry.fr\/index.php\/wp-json\/wp\/v2\/pages\/836\/revisions\/1035"}],"wp:attachment":[{"href":"https:\/\/espacemedical-julesferry.fr\/index.php\/wp-json\/wp\/v2\/media?parent=836"}],"curies":[{"name":"wp","href":"https:\/\/api.w.org\/{rel}","templated":true}]}}