{"id":1267,"date":"2025-06-02T13:03:20","date_gmt":"2025-06-02T11:03:20","guid":{"rendered":"https:\/\/espacemedical-julesferry.fr\/?page_id=1267"},"modified":"2025-06-02T13:05:33","modified_gmt":"2025-06-02T11:05:33","slug":"praticiens-pediatre","status":"publish","type":"page","link":"https:\/\/espacemedical-julesferry.fr\/index.php\/praticiens-pediatre\/","title":{"rendered":"Praticiens-p\u00e9diatre"},"content":{"rendered":"\t\t<div data-elementor-type=\"wp-page\" data-elementor-id=\"1267\" class=\"elementor elementor-1267\">\n\t\t\t\t<div class=\"elementor-element elementor-element-5381222 e-flex e-con-boxed e-con e-parent\" data-id=\"5381222\" data-element_type=\"container\" data-settings=\"{&quot;background_background&quot;:&quot;classic&quot;}\">\n\t\t\t\t\t<div class=\"e-con-inner\">\n\t\t<div class=\"elementor-element elementor-element-2884799 e-con-full e-flex e-con e-child\" data-id=\"2884799\" data-element_type=\"container\">\n\t\t<div class=\"elementor-element elementor-element-87c031f e-con-full e-flex e-con e-child\" data-id=\"87c031f\" data-element_type=\"container\">\n\t\t\t\t<div class=\"elementor-element elementor-element-99e2b26 animated-slow elementor-invisible elementor-widget elementor-widget-heading\" data-id=\"99e2b26\" data-element_type=\"widget\" data-settings=\"{&quot;_animation&quot;:&quot;fadeIn&quot;}\" data-widget_type=\"heading.default\">\n\t\t\t\t<div class=\"elementor-widget-container\">\n\t\t\t<h2 class=\"elementor-heading-title elementor-size-default\">P\u00e9diatre<\/h2>\t\t<\/div>\n\t\t\t\t<\/div>\n\t\t\t\t<\/div>\n\t\t\t\t<\/div>\n\t\t\t\t\t<\/div>\n\t\t\t\t<\/div>\n\t\t<div class=\"elementor-element elementor-element-061f9d5 e-flex e-con-boxed e-con e-parent\" data-id=\"061f9d5\" data-element_type=\"container\">\n\t\t\t\t\t<div class=\"e-con-inner\">\n\t\t<div class=\"elementor-element elementor-element-94e4914 e-con-full e-flex e-con e-child\" data-id=\"94e4914\" data-element_type=\"container\">\n\t\t\t\t<div class=\"elementor-element elementor-element-1805eb1 elementor-widget elementor-widget-image\" data-id=\"1805eb1\" data-element_type=\"widget\" data-widget_type=\"image.default\">\n\t\t\t\t<div class=\"elementor-widget-container\">\n\t\t\t\t\t\t\t\t\t\t\t\t\t<img fetchpriority=\"high\" decoding=\"async\" width=\"588\" height=\"588\" src=\"https:\/\/espacemedical-julesferry.fr\/wp-content\/uploads\/2024\/10\/12-Espace-sante-jules-ferry.webp\" class=\"attachment-full size-full wp-image-757\" alt=\"\" srcset=\"https:\/\/espacemedical-julesferry.fr\/wp-content\/uploads\/2024\/10\/12-Espace-sante-jules-ferry.webp 588w, https:\/\/espacemedical-julesferry.fr\/wp-content\/uploads\/2024\/10\/12-Espace-sante-jules-ferry-300x300.webp 300w, https:\/\/espacemedical-julesferry.fr\/wp-content\/uploads\/2024\/10\/12-Espace-sante-jules-ferry-150x150.webp 150w\" sizes=\"(max-width: 588px) 100vw, 588px\" \/>\t\t\t\t\t\t\t\t\t\t\t\t\t<\/div>\n\t\t\t\t<\/div>\n\t\t\t\t<\/div>\n\t\t<div class=\"elementor-element elementor-element-73c439f e-con-full e-flex e-con e-child\" data-id=\"73c439f\" data-element_type=\"container\">\n\t\t\t\t<div class=\"elementor-element elementor-element-4e584e4 elementor-widget elementor-widget-heading\" data-id=\"4e584e4\" data-element_type=\"widget\" data-widget_type=\"heading.default\">\n\t\t\t\t<div class=\"elementor-widget-container\">\n\t\t\t<h2 class=\"elementor-heading-title elementor-size-default\">Coeugnart Jessica<\/h2>\t\t<\/div>\n\t\t\t\t<\/div>\n\t\t\t\t<div class=\"elementor-element elementor-element-34d6961 elementor-widget elementor-widget-text-editor\" data-id=\"34d6961\" data-element_type=\"widget\" data-widget_type=\"text-editor.default\">\n\t\t\t\t<div class=\"elementor-widget-container\">\n\t\t\t\t\t\t\t<p>P\u00e9diatre.<\/p>\t\t\t\t\t\t<\/div>\n\t\t\t\t<\/div>\n\t\t<div class=\"elementor-element elementor-element-7efd239 e-con-full e-flex e-con e-child\" data-id=\"7efd239\" data-element_type=\"container\">\n\t\t<div class=\"elementor-element elementor-element-3fc5ec7 e-con-full e-flex e-con e-child\" data-id=\"3fc5ec7\" data-element_type=\"container\">\n\t\t\t\t<div class=\"elementor-element elementor-element-3d2fc4f elementor-widget__width-initial elementor-widget elementor-widget-heading\" data-id=\"3d2fc4f\" data-element_type=\"widget\" data-widget_type=\"heading.default\">\n\t\t\t\t<div class=\"elementor-widget-container\">\n\t\t\t<h2 class=\"elementor-heading-title elementor-size-default\">Prise de rendez-vous :<\/h2>\t\t<\/div>\n\t\t\t\t<\/div>\n\t\t<div class=\"elementor-element elementor-element-7ff642f e-con-full e-flex e-con e-child\" data-id=\"7ff642f\" data-element_type=\"container\">\n\t\t\t\t<div class=\"elementor-element elementor-element-b4d773e elementor-align-left elementor-widget elementor-widget-button\" data-id=\"b4d773e\" data-element_type=\"widget\" data-widget_type=\"button.default\">\n\t\t\t\t<div class=\"elementor-widget-container\">\n\t\t\t\t\t<div class=\"elementor-button-wrapper\">\n\t\t\t<a class=\"elementor-button elementor-button-link elementor-size-sm\" href=\"tel:+33651392599\">\n\t\t\t\t\t\t<span class=\"elementor-button-content-wrapper\">\n\t\t\t\t\t\t\t\t\t<span class=\"elementor-button-text\">06 51 39 25 99<\/span>\n\t\t\t\t\t<\/span>\n\t\t\t\t\t<\/a>\n\t\t<\/div>\n\t\t\t\t<\/div>\n\t\t\t\t<\/div>\n\t\t\t\t<\/div>\n\t\t\t\t<\/div>\n\t\t\t\t<\/div>\n\t\t\t\t<\/div>\n\t\t\t\t\t<\/div>\n\t\t\t\t<\/div>\n\t\t\t\t<\/div>\n\t\t","protected":false},"excerpt":{"rendered":"<p>P\u00e9diatre Coeugnart Jessica P\u00e9diatre. Prise de rendez-vous : 06 51 39 25 99<\/p>\n","protected":false},"author":2,"featured_media":0,"parent":0,"menu_order":0,"comment_status":"closed","ping_status":"closed","template":"","meta":{"site-sidebar-layout":"no-sidebar","site-content-layout":"","ast-site-content-layout":"full-width-container","site-content-style":"default","site-sidebar-style":"default","ast-global-header-display":"","ast-banner-title-visibility":"","ast-main-header-display":"","ast-hfb-above-header-display":"","ast-hfb-below-header-display":"","ast-hfb-mobile-header-display":"","site-post-title":"disabled","ast-breadcrumbs-content":"","ast-featured-img":"disabled","footer-sml-layout":"","theme-transparent-header-meta":"","adv-header-id-meta":"","stick-header-meta":"","header-above-stick-meta":"","header-main-stick-meta":"","header-below-stick-meta":"","astra-migrate-meta-layouts":"default","ast-page-background-enabled":"default","ast-page-background-meta":{"desktop":{"background-color":"var(--ast-global-color-4)","background-image":"","background-repeat":"repeat","background-position":"center center","background-size":"auto","background-attachment":"scroll","background-type":"","background-media":"","overlay-type":"","overlay-color":"","overlay-opacity":"","overlay-gradient":""},"tablet":{"background-color":"","background-image":"","background-repeat":"repeat","background-position":"center center","background-size":"auto","background-attachment":"scroll","background-type":"","background-media":"","overlay-type":"","overlay-color":"","overlay-opacity":"","overlay-gradient":""},"mobile":{"background-color":"","background-image":"","background-repeat":"repeat","background-position":"center center","background-size":"auto","background-attachment":"scroll","background-type":"","background-media":"","overlay-type":"","overlay-color":"","overlay-opacity":"","overlay-gradient":""}},"ast-content-background-meta":{"desktop":{"background-color":"var(--ast-global-color-5)","background-image":"","background-repeat":"repeat","background-position":"center center","background-size":"auto","background-attachment":"scroll","background-type":"","background-media":"","overlay-type":"","overlay-color":"","overlay-opacity":"","overlay-gradient":""},"tablet":{"background-color":"var(--ast-global-color-5)","background-image":"","background-repeat":"repeat","background-position":"center center","background-size":"auto","background-attachment":"scroll","background-type":"","background-media":"","overlay-type":"","overlay-color":"","overlay-opacity":"","overlay-gradient":""},"mobile":{"background-color":"var(--ast-global-color-5)","background-image":"","background-repeat":"repeat","background-position":"center center","background-size":"auto","background-attachment":"scroll","background-type":"","background-media":"","overlay-type":"","overlay-color":"","overlay-opacity":"","overlay-gradient":""}},"footnotes":""},"class_list":["post-1267","page","type-page","status-publish","hentry"],"yoast_head":"<!-- This site is optimized with the Yoast SEO plugin v24.5 - https:\/\/yoast.com\/wordpress\/plugins\/seo\/ -->\n<title>Praticiens-p\u00e9diatre - Espace M\u00e9dical Jules Ferry<\/title>\n<meta name=\"robots\" content=\"index, follow, max-snippet:-1, max-image-preview:large, max-video-preview:-1\" \/>\n<link rel=\"canonical\" href=\"https:\/\/espacemedical-julesferry.fr\/index.php\/praticiens-pediatre\/\" \/>\n<meta property=\"og:locale\" content=\"fr_FR\" \/>\n<meta property=\"og:type\" content=\"article\" \/>\n<meta property=\"og:title\" content=\"Praticiens-p\u00e9diatre - Espace M\u00e9dical Jules Ferry\" \/>\n<meta property=\"og:description\" content=\"P\u00e9diatre Coeugnart Jessica P\u00e9diatre. Prise de rendez-vous : 06 51 39 25 99\" \/>\n<meta property=\"og:url\" content=\"https:\/\/espacemedical-julesferry.fr\/index.php\/praticiens-pediatre\/\" \/>\n<meta property=\"og:site_name\" content=\"Espace M\u00e9dical Jules Ferry\" \/>\n<meta property=\"article:modified_time\" content=\"2025-06-02T11:05:33+00:00\" \/>\n<meta property=\"og:image\" content=\"https:\/\/espacemedical-julesferry.fr\/wp-content\/uploads\/2024\/10\/12-Espace-sante-jules-ferry.webp\" \/>\n\t<meta property=\"og:image:width\" content=\"588\" \/>\n\t<meta property=\"og:image:height\" content=\"588\" \/>\n\t<meta property=\"og:image:type\" content=\"image\/webp\" \/>\n<meta name=\"twitter:card\" content=\"summary_large_image\" \/>\n<meta name=\"twitter:label1\" content=\"Dur\u00e9e de lecture estim\u00e9e\" \/>\n\t<meta name=\"twitter:data1\" content=\"1 minute\" \/>\n<script type=\"application\/ld+json\" class=\"yoast-schema-graph\">{\"@context\":\"https:\/\/schema.org\",\"@graph\":[{\"@type\":\"WebPage\",\"@id\":\"https:\/\/espacemedical-julesferry.fr\/index.php\/praticiens-pediatre\/\",\"url\":\"https:\/\/espacemedical-julesferry.fr\/index.php\/praticiens-pediatre\/\",\"name\":\"Praticiens-p\u00e9diatre - Espace M\u00e9dical Jules Ferry\",\"isPartOf\":{\"@id\":\"https:\/\/espacemedical-julesferry.fr\/#website\"},\"primaryImageOfPage\":{\"@id\":\"https:\/\/espacemedical-julesferry.fr\/index.php\/praticiens-pediatre\/#primaryimage\"},\"image\":{\"@id\":\"https:\/\/espacemedical-julesferry.fr\/index.php\/praticiens-pediatre\/#primaryimage\"},\"thumbnailUrl\":\"https:\/\/espacemedical-julesferry.fr\/wp-content\/uploads\/2024\/10\/12-Espace-sante-jules-ferry.webp\",\"datePublished\":\"2025-06-02T11:03:20+00:00\",\"dateModified\":\"2025-06-02T11:05:33+00:00\",\"breadcrumb\":{\"@id\":\"https:\/\/espacemedical-julesferry.fr\/index.php\/praticiens-pediatre\/#breadcrumb\"},\"inLanguage\":\"fr-FR\",\"potentialAction\":[{\"@type\":\"ReadAction\",\"target\":[\"https:\/\/espacemedical-julesferry.fr\/index.php\/praticiens-pediatre\/\"]}]},{\"@type\":\"ImageObject\",\"inLanguage\":\"fr-FR\",\"@id\":\"https:\/\/espacemedical-julesferry.fr\/index.php\/praticiens-pediatre\/#primaryimage\",\"url\":\"https:\/\/espacemedical-julesferry.fr\/wp-content\/uploads\/2024\/10\/12-Espace-sante-jules-ferry.webp\",\"contentUrl\":\"https:\/\/espacemedical-julesferry.fr\/wp-content\/uploads\/2024\/10\/12-Espace-sante-jules-ferry.webp\",\"width\":588,\"height\":588},{\"@type\":\"BreadcrumbList\",\"@id\":\"https:\/\/espacemedical-julesferry.fr\/index.php\/praticiens-pediatre\/#breadcrumb\",\"itemListElement\":[{\"@type\":\"ListItem\",\"position\":1,\"name\":\"Accueil\",\"item\":\"https:\/\/espacemedical-julesferry.fr\/\"},{\"@type\":\"ListItem\",\"position\":2,\"name\":\"Praticiens-p\u00e9diatre\"}]},{\"@type\":\"WebSite\",\"@id\":\"https:\/\/espacemedical-julesferry.fr\/#website\",\"url\":\"https:\/\/espacemedical-julesferry.fr\/\",\"name\":\"Espace M\u00e9dical Jules Ferry\",\"description\":\"Votre sant\u00e9 au c\u0153ur de notre m\u00e9tier.\",\"potentialAction\":[{\"@type\":\"SearchAction\",\"target\":{\"@type\":\"EntryPoint\",\"urlTemplate\":\"https:\/\/espacemedical-julesferry.fr\/?s={search_term_string}\"},\"query-input\":{\"@type\":\"PropertyValueSpecification\",\"valueRequired\":true,\"valueName\":\"search_term_string\"}}],\"inLanguage\":\"fr-FR\"}]}<\/script>\n<!-- \/ Yoast SEO plugin. -->","yoast_head_json":{"title":"Praticiens-p\u00e9diatre - Espace M\u00e9dical Jules Ferry","robots":{"index":"index","follow":"follow","max-snippet":"max-snippet:-1","max-image-preview":"max-image-preview:large","max-video-preview":"max-video-preview:-1"},"canonical":"https:\/\/espacemedical-julesferry.fr\/index.php\/praticiens-pediatre\/","og_locale":"fr_FR","og_type":"article","og_title":"Praticiens-p\u00e9diatre - Espace M\u00e9dical Jules Ferry","og_description":"P\u00e9diatre Coeugnart Jessica P\u00e9diatre. Prise de rendez-vous : 06 51 39 25 99","og_url":"https:\/\/espacemedical-julesferry.fr\/index.php\/praticiens-pediatre\/","og_site_name":"Espace M\u00e9dical Jules Ferry","article_modified_time":"2025-06-02T11:05:33+00:00","og_image":[{"width":588,"height":588,"url":"https:\/\/espacemedical-julesferry.fr\/wp-content\/uploads\/2024\/10\/12-Espace-sante-jules-ferry.webp","type":"image\/webp"}],"twitter_card":"summary_large_image","twitter_misc":{"Dur\u00e9e de lecture estim\u00e9e":"1 minute"},"schema":{"@context":"https:\/\/schema.org","@graph":[{"@type":"WebPage","@id":"https:\/\/espacemedical-julesferry.fr\/index.php\/praticiens-pediatre\/","url":"https:\/\/espacemedical-julesferry.fr\/index.php\/praticiens-pediatre\/","name":"Praticiens-p\u00e9diatre - Espace M\u00e9dical Jules Ferry","isPartOf":{"@id":"https:\/\/espacemedical-julesferry.fr\/#website"},"primaryImageOfPage":{"@id":"https:\/\/espacemedical-julesferry.fr\/index.php\/praticiens-pediatre\/#primaryimage"},"image":{"@id":"https:\/\/espacemedical-julesferry.fr\/index.php\/praticiens-pediatre\/#primaryimage"},"thumbnailUrl":"https:\/\/espacemedical-julesferry.fr\/wp-content\/uploads\/2024\/10\/12-Espace-sante-jules-ferry.webp","datePublished":"2025-06-02T11:03:20+00:00","dateModified":"2025-06-02T11:05:33+00:00","breadcrumb":{"@id":"https:\/\/espacemedical-julesferry.fr\/index.php\/praticiens-pediatre\/#breadcrumb"},"inLanguage":"fr-FR","potentialAction":[{"@type":"ReadAction","target":["https:\/\/espacemedical-julesferry.fr\/index.php\/praticiens-pediatre\/"]}]},{"@type":"ImageObject","inLanguage":"fr-FR","@id":"https:\/\/espacemedical-julesferry.fr\/index.php\/praticiens-pediatre\/#primaryimage","url":"https:\/\/espacemedical-julesferry.fr\/wp-content\/uploads\/2024\/10\/12-Espace-sante-jules-ferry.webp","contentUrl":"https:\/\/espacemedical-julesferry.fr\/wp-content\/uploads\/2024\/10\/12-Espace-sante-jules-ferry.webp","width":588,"height":588},{"@type":"BreadcrumbList","@id":"https:\/\/espacemedical-julesferry.fr\/index.php\/praticiens-pediatre\/#breadcrumb","itemListElement":[{"@type":"ListItem","position":1,"name":"Accueil","item":"https:\/\/espacemedical-julesferry.fr\/"},{"@type":"ListItem","position":2,"name":"Praticiens-p\u00e9diatre"}]},{"@type":"WebSite","@id":"https:\/\/espacemedical-julesferry.fr\/#website","url":"https:\/\/espacemedical-julesferry.fr\/","name":"Espace M\u00e9dical Jules Ferry","description":"Votre sant\u00e9 au c\u0153ur de notre m\u00e9tier.","potentialAction":[{"@type":"SearchAction","target":{"@type":"EntryPoint","urlTemplate":"https:\/\/espacemedical-julesferry.fr\/?s={search_term_string}"},"query-input":{"@type":"PropertyValueSpecification","valueRequired":true,"valueName":"search_term_string"}}],"inLanguage":"fr-FR"}]}},"_links":{"self":[{"href":"https:\/\/espacemedical-julesferry.fr\/index.php\/wp-json\/wp\/v2\/pages\/1267","targetHints":{"allow":["GET"]}}],"collection":[{"href":"https:\/\/espacemedical-julesferry.fr\/index.php\/wp-json\/wp\/v2\/pages"}],"about":[{"href":"https:\/\/espacemedical-julesferry.fr\/index.php\/wp-json\/wp\/v2\/types\/page"}],"author":[{"embeddable":true,"href":"https:\/\/espacemedical-julesferry.fr\/index.php\/wp-json\/wp\/v2\/users\/2"}],"replies":[{"embeddable":true,"href":"https:\/\/espacemedical-julesferry.fr\/index.php\/wp-json\/wp\/v2\/comments?post=1267"}],"version-history":[{"count":7,"href":"https:\/\/espacemedical-julesferry.fr\/index.php\/wp-json\/wp\/v2\/pages\/1267\/revisions"}],"predecessor-version":[{"id":1275,"href":"https:\/\/espacemedical-julesferry.fr\/index.php\/wp-json\/wp\/v2\/pages\/1267\/revisions\/1275"}],"wp:attachment":[{"href":"https:\/\/espacemedical-julesferry.fr\/index.php\/wp-json\/wp\/v2\/media?parent=1267"}],"curies":[{"name":"wp","href":"https:\/\/api.w.org\/{rel}","templated":true}]}}